{"id":1328,"date":"2014-02-19T18:33:39","date_gmt":"2014-02-19T17:33:39","guid":{"rendered":"http:\/\/bo5t.com\/wp\/dekorazioa-seinaletika-2-2\/"},"modified":"2016-04-27T13:12:25","modified_gmt":"2016-04-27T12:12:25","slug":"dekorazioa-seinaletika-2-2","status":"publish","type":"page","link":"https:\/\/bo5t.com\/es\/dekorazioa-seinaletika-2-2\/","title":{"rendered":"Decoraci\u00f3n &#8211; Se\u00f1al\u00e9tica"},"content":{"rendered":"<p>[et_pb_section admin_label=\u00bbsection\u00bb fullwidth=\u00bboff\u00bb background_color=\u00bb#29302e\u00bb inner_shadow=\u00bboff\u00bb parallax=\u00bboff\u00bb][et_pb_row admin_label=\u00bbrow\u00bb][et_pb_column type=\u00bb1_4&#8243;][et_pb_text admin_label=\u00bbText\u00bb background_layout=\u00bbdark\u00bb text_orientation=\u00bbleft\u00bb]<\/p>\n<h1>Decoraci\u00f3n &#8211; Se\u00f1al\u00e9tica<\/h1>\n<p>[\/et_pb_text][et_pb_sidebar admin_label=\u00bbSidebar\u00bb orientation=\u00bbright\u00bb area=\u00bbet_pb_widget_area_12&#8243; background_layout=\u00bblight\u00bb] [\/et_pb_sidebar][\/et_pb_column][et_pb_column type=\u00bb3_4&#8243;][et_pb_portfolio admin_label=\u00bbPortfolio\u00bb fullwidth=\u00bboff\u00bb posts_number=\u00bb27&#8243; include_categories=\u00bb107,113&#8243; show_title=\u00bboff\u00bb show_categories=\u00bboff\u00bb show_pagination=\u00bbon\u00bb background_layout=\u00bblight\u00bb hover_overlay_color=\u00bbrgba(255,255,255,0.9)\u00bb use_border_color=\u00bboff\u00bb border_color=\u00bb#ffffff\u00bb border_style=\u00bbsolid\u00bb] [\/et_pb_portfolio][\/et_pb_column][\/et_pb_row][\/et_pb_section]<\/p>\n","protected":false},"excerpt":{"rendered":"<p>Decoraci\u00f3n &#8211; Se\u00f1al\u00e9tica<\/p>\n","protected":false},"author":1,"featured_media":0,"parent":0,"menu_order":0,"comment_status":"open","ping_status":"closed","template":"","meta":{"_et_pb_use_builder":"on","_et_pb_old_content":"","_et_gb_content_width":"","footnotes":""},"class_list":["post-1328","page","type-page","status-publish","hentry"],"_links":{"self":[{"href":"https:\/\/bo5t.com\/es\/wp-json\/wp\/v2\/pages\/1328","targetHints":{"allow":["GET"]}}],"collection":[{"href":"https:\/\/bo5t.com\/es\/wp-json\/wp\/v2\/pages"}],"about":[{"href":"https:\/\/bo5t.com\/es\/wp-json\/wp\/v2\/types\/page"}],"author":[{"embeddable":true,"href":"https:\/\/bo5t.com\/es\/wp-json\/wp\/v2\/users\/1"}],"replies":[{"embeddable":true,"href":"https:\/\/bo5t.com\/es\/wp-json\/wp\/v2\/comments?post=1328"}],"version-history":[{"count":7,"href":"https:\/\/bo5t.com\/es\/wp-json\/wp\/v2\/pages\/1328\/revisions"}],"predecessor-version":[{"id":2890,"href":"https:\/\/bo5t.com\/es\/wp-json\/wp\/v2\/pages\/1328\/revisions\/2890"}],"wp:attachment":[{"href":"https:\/\/bo5t.com\/es\/wp-json\/wp\/v2\/media?parent=1328"}],"curies":[{"name":"wp","href":"https:\/\/api.w.org\/{rel}","templated":true}]}}