{"id":24627,"date":"2016-09-28T07:41:43","date_gmt":"2016-09-28T06:41:43","guid":{"rendered":"http:\/\/bo5t.com\/es\/?page_id=24627"},"modified":"2016-09-28T13:55:08","modified_gmt":"2016-09-28T12:55:08","slug":"izena-badu-bada","status":"publish","type":"page","link":"https:\/\/bo5t.com\/es\/izena-badu-bada\/","title":{"rendered":"Izena badu bada"},"content":{"rendered":"<p>[et_pb_section background_image=\u00bbhttp:\/\/bo5t.com\/wp-content\/uploads\/2016\/09\/Atardecer-en-Zumaia.01370.png\u00bb transparent_background=\u00bboff\u00bb background_color=\u00bb#2ea3f2&#8243; allow_player_pause=\u00bboff\u00bb inner_shadow=\u00bboff\u00bb parallax=\u00bbon\u00bb parallax_method=\u00bbon\u00bb padding_mobile=\u00bboff\u00bb make_fullwidth=\u00bboff\u00bb use_custom_width=\u00bboff\u00bb width_unit=\u00bboff\u00bb custom_width_px=\u00bb1080px\u00bb custom_width_percent=\u00bb80%\u00bb make_equal=\u00bboff\u00bb use_custom_gutter=\u00bboff\u00bb fullwidth=\u00bboff\u00bb specialty=\u00bboff\u00bb admin_label=\u00bbsection\u00bb disabled=\u00bboff\u00bb][et_pb_row make_fullwidth=\u00bboff\u00bb use_custom_width=\u00bboff\u00bb width_unit=\u00bboff\u00bb custom_width_px=\u00bb1080px\u00bb custom_width_percent=\u00bb80%\u00bb use_custom_gutter=\u00bboff\u00bb gutter_width=\u00bb3&#8243; padding_mobile=\u00bboff\u00bb allow_player_pause=\u00bboff\u00bb parallax=\u00bboff\u00bb parallax_method=\u00bbon\u00bb make_equal=\u00bboff\u00bb column_padding_mobile=\u00bbon\u00bb parallax_1=\u00bboff\u00bb parallax_method_1=\u00bbon\u00bb parallax_2=\u00bboff\u00bb parallax_method_2=\u00bbon\u00bb parallax_3=\u00bboff\u00bb parallax_method_3=\u00bbon\u00bb parallax_4=\u00bboff\u00bb parallax_method_4=\u00bbon\u00bb admin_label=\u00bbrow\u00bb disabled=\u00bboff\u00bb][et_pb_column type=\u00bb4_4&#8243; disabled=\u00bboff\u00bb parallax=\u00bboff\u00bb parallax_method=\u00bbon\u00bb column_padding_mobile=\u00bbon\u00bb][et_pb_blurb url_new_window=\u00bboff\u00bb use_icon=\u00bboff\u00bb icon_color=\u00bb#45c4ec\u00bb use_circle=\u00bboff\u00bb circle_color=\u00bb#45c4ec\u00bb use_circle_border=\u00bboff\u00bb circle_border_color=\u00bb#45c4ec\u00bb image=\u00bbhttp:\/\/bo5t.com\/wp-content\/uploads\/2016\/09\/logoa.png\u00bb icon_placement=\u00bbtop\u00bb animation=\u00bbbottom\u00bb background_layout=\u00bblight\u00bb text_orientation=\u00bbcenter\u00bb use_icon_font_size=\u00bboff\u00bb icon_font_size=\u00bb96px\u00bb admin_label=\u00bbBlurb\u00bb use_border_color=\u00bboff\u00bb border_color=\u00bb#ffffff\u00bb border_width=\u00bb1px\u00bb border_style=\u00bbsolid\u00bb disabled=\u00bboff\u00bb] [\/et_pb_blurb][\/et_pb_column][\/et_pb_row][et_pb_row make_fullwidth=\u00bboff\u00bb use_custom_width=\u00bboff\u00bb width_unit=\u00bboff\u00bb custom_width_px=\u00bb1080px\u00bb custom_width_percent=\u00bb80%\u00bb use_custom_gutter=\u00bboff\u00bb gutter_width=\u00bb3&#8243; padding_mobile=\u00bboff\u00bb allow_player_pause=\u00bboff\u00bb parallax=\u00bboff\u00bb parallax_method=\u00bbon\u00bb make_equal=\u00bboff\u00bb column_padding_mobile=\u00bbon\u00bb parallax_1=\u00bboff\u00bb parallax_method_1=\u00bbon\u00bb parallax_2=\u00bboff\u00bb parallax_method_2=\u00bbon\u00bb parallax_3=\u00bboff\u00bb parallax_method_3=\u00bbon\u00bb parallax_4=\u00bboff\u00bb parallax_method_4=\u00bbon\u00bb admin_label=\u00bbrow\u00bb disabled=\u00bboff\u00bb][et_pb_column type=\u00bb4_4&#8243; disabled=\u00bboff\u00bb parallax=\u00bboff\u00bb parallax_method=\u00bbon\u00bb column_padding_mobile=\u00bbon\u00bb][et_pb_text background_layout=\u00bbdark\u00bb text_orientation=\u00bbcenter\u00bb admin_label=\u00bbText\u00bb use_border_color=\u00bboff\u00bb border_style=\u00bbsolid\u00bb disabled=\u00bboff\u00bb]<\/p>\n<h1 style=\"font-size: 72px; font-weight: 300;\">baga, biga, higa&#8230;<\/h1>\n<p>[\/et_pb_text][\/et_pb_column][\/et_pb_row][\/et_pb_section][et_pb_section transparent_background=\u00bboff\u00bb background_color=\u00bb#0c0b0a\u00bb allow_player_pause=\u00bboff\u00bb inner_shadow=\u00bboff\u00bb parallax=\u00bboff\u00bb parallax_method=\u00bbon\u00bb padding_mobile=\u00bboff\u00bb make_fullwidth=\u00bboff\u00bb use_custom_width=\u00bboff\u00bb width_unit=\u00bboff\u00bb custom_width_px=\u00bb1080px\u00bb custom_width_percent=\u00bb80%\u00bb make_equal=\u00bboff\u00bb use_custom_gutter=\u00bboff\u00bb fullwidth=\u00bboff\u00bb specialty=\u00bboff\u00bb admin_label=\u00bbsection\u00bb disabled=\u00bboff\u00bb][et_pb_row make_fullwidth=\u00bboff\u00bb use_custom_width=\u00bboff\u00bb width_unit=\u00bboff\u00bb custom_width_px=\u00bb1080px\u00bb custom_width_percent=\u00bb80%\u00bb use_custom_gutter=\u00bboff\u00bb gutter_width=\u00bb3&#8243; padding_mobile=\u00bboff\u00bb allow_player_pause=\u00bboff\u00bb parallax=\u00bboff\u00bb parallax_method=\u00bbon\u00bb make_equal=\u00bboff\u00bb column_padding_mobile=\u00bbon\u00bb parallax_1=\u00bboff\u00bb parallax_method_1=\u00bbon\u00bb parallax_2=\u00bboff\u00bb parallax_method_2=\u00bbon\u00bb parallax_3=\u00bboff\u00bb parallax_method_3=\u00bbon\u00bb parallax_4=\u00bboff\u00bb parallax_method_4=\u00bbon\u00bb admin_label=\u00bbrow\u00bb disabled=\u00bboff\u00bb][et_pb_column type=\u00bb1_2&#8243; disabled=\u00bboff\u00bb parallax=\u00bboff\u00bb parallax_method=\u00bbon\u00bb column_padding_mobile=\u00bbon\u00bb][et_pb_text background_layout=\u00bblight\u00bb text_orientation=\u00bbleft\u00bb admin_label=\u00bbText\u00bb text_text_color=\u00bb#b2b2b2&#8243; use_border_color=\u00bboff\u00bb border_style=\u00bbsolid\u00bb disabled=\u00bboff\u00bb]<\/p>\n<h2>Un viaje mitol\u00f3gico<br \/><\/h2>\n<p>De la mano de <strong>Toti Martinez de Lezea<\/strong>, una de las escritoras vascas m\u00e1s prol\u00edficas y lauredas, y del prestigioso ilustrador, <strong>Juan Luis landa<\/strong> dise\u00f1amos junto con <strong>BASQUETOUR<\/strong> esta gu\u00eda sobre mitolog\u00eda vasca. Con ella se puede viajar por nuestra geograf\u00eda desvelando los secretos de de loas seres m\u00e1gicos que la habitan.<\/p>\n<p>[\/et_pb_text][\/et_pb_column][et_pb_column type=\u00bb1_2&#8243; disabled=\u00bboff\u00bb parallax=\u00bboff\u00bb parallax_method=\u00bbon\u00bb column_padding_mobile=\u00bbon\u00bb][et_pb_text background_layout=\u00bblight\u00bb text_orientation=\u00bbleft\u00bb admin_label=\u00bbText\u00bb header_text_color=\u00bb#cecece\u00bb text_text_color=\u00bb#b2b2b2&#8243; use_border_color=\u00bboff\u00bb border_style=\u00bbsolid\u00bb disabled=\u00bboff\u00bb]<\/p>\n<h2>6 rutas tem\u00e1ticas<br \/><\/h2>\n<p>6 recorridos dedicados a 6 seres mitol\u00f3gicos: Amari, iratxoak, erraldoiak, herensugeak, sorginak y lamiak. Fascinantes relatos y parajes de belleza inusitada, llenas de miterio. Enclaves emblem\u00e1ticos donde realidad y fantasia conviven de forma natural.<\/p>\n<p>[\/et_pb_text][\/et_pb_column][\/et_pb_row][\/et_pb_section][et_pb_section transparent_background=\u00bboff\u00bb background_color=\u00bb#5a1616&#8243; allow_player_pause=\u00bboff\u00bb inner_shadow=\u00bboff\u00bb parallax=\u00bboff\u00bb parallax_method=\u00bbon\u00bb custom_padding=\u00bb0px|0px|0px|0px\u00bb padding_mobile=\u00bboff\u00bb make_fullwidth=\u00bboff\u00bb use_custom_width=\u00bboff\u00bb width_unit=\u00bboff\u00bb custom_width_px=\u00bb1080px\u00bb custom_width_percent=\u00bb80%\u00bb make_equal=\u00bboff\u00bb use_custom_gutter=\u00bboff\u00bb fullwidth=\u00bboff\u00bb specialty=\u00bboff\u00bb disabled=\u00bboff\u00bb][et_pb_row make_fullwidth=\u00bboff\u00bb use_custom_width=\u00bboff\u00bb width_unit=\u00bboff\u00bb custom_width_px=\u00bb1080px\u00bb custom_width_percent=\u00bb80%\u00bb use_custom_gutter=\u00bboff\u00bb gutter_width=\u00bb3&#8243; custom_padding=\u00bb0px|0px|0px|0px\u00bb padding_mobile=\u00bboff\u00bb background_color=\u00bb#5a1616&#8243; allow_player_pause=\u00bboff\u00bb parallax=\u00bboff\u00bb parallax_method=\u00bbon\u00bb make_equal=\u00bboff\u00bb column_padding_mobile=\u00bbon\u00bb parallax_1=\u00bboff\u00bb parallax_method_1=\u00bbon\u00bb parallax_2=\u00bboff\u00bb parallax_method_2=\u00bbon\u00bb parallax_3=\u00bboff\u00bb parallax_method_3=\u00bbon\u00bb parallax_4=\u00bboff\u00bb parallax_method_4=\u00bbon\u00bb disabled=\u00bboff\u00bb][et_pb_column type=\u00bb4_4&#8243; disabled=\u00bboff\u00bb parallax=\u00bboff\u00bb parallax_method=\u00bbon\u00bb column_padding_mobile=\u00bbon\u00bb][et_pb_image src=\u00bbhttp:\/\/bo5t.com\/wp-content\/uploads\/2016\/09\/karpetamitoweb.png\u00bb show_in_lightbox=\u00bboff\u00bb url_new_window=\u00bboff\u00bb use_overlay=\u00bboff\u00bb sticky=\u00bbon\u00bb align=\u00bbcenter\u00bb force_fullwidth=\u00bboff\u00bb always_center_on_mobile=\u00bbon\u00bb use_border_color=\u00bboff\u00bb border_color=\u00bb#ffffff\u00bb border_width=\u00bb1px\u00bb border_style=\u00bbsolid\u00bb disabled=\u00bboff\u00bb][\/et_pb_image][\/et_pb_column][\/et_pb_row][\/et_pb_section][et_pb_section transparent_background=\u00bboff\u00bb background_color=\u00bb#c64025&#8243; allow_player_pause=\u00bboff\u00bb inner_shadow=\u00bboff\u00bb parallax=\u00bboff\u00bb parallax_method=\u00bbon\u00bb padding_mobile=\u00bboff\u00bb make_fullwidth=\u00bboff\u00bb use_custom_width=\u00bboff\u00bb width_unit=\u00bboff\u00bb custom_width_px=\u00bb1080px\u00bb custom_width_percent=\u00bb80%\u00bb make_equal=\u00bboff\u00bb use_custom_gutter=\u00bboff\u00bb fullwidth=\u00bboff\u00bb specialty=\u00bboff\u00bb admin_label=\u00bbsection\u00bb disabled=\u00bboff\u00bb][et_pb_row make_fullwidth=\u00bbon\u00bb use_custom_width=\u00bboff\u00bb width_unit=\u00bboff\u00bb custom_width_px=\u00bb1080px\u00bb custom_width_percent=\u00bb80%\u00bb use_custom_gutter=\u00bboff\u00bb gutter_width=\u00bb3&#8243; padding_mobile=\u00bboff\u00bb custom_margin=\u00bb0px|10px||\u00bb allow_player_pause=\u00bboff\u00bb parallax=\u00bboff\u00bb parallax_method=\u00bbon\u00bb make_equal=\u00bboff\u00bb column_padding_mobile=\u00bbon\u00bb parallax_1=\u00bboff\u00bb parallax_method_1=\u00bbon\u00bb parallax_2=\u00bboff\u00bb parallax_method_2=\u00bbon\u00bb parallax_3=\u00bboff\u00bb parallax_method_3=\u00bbon\u00bb parallax_4=\u00bboff\u00bb parallax_method_4=\u00bbon\u00bb admin_label=\u00bbrow\u00bb disabled=\u00bboff\u00bb][et_pb_column type=\u00bb1_4&#8243; disabled=\u00bboff\u00bb parallax=\u00bboff\u00bb parallax_method=\u00bbon\u00bb column_padding_mobile=\u00bbon\u00bb][et_pb_divider color=\u00bb#ffffff\u00bb height=\u00bb90&#8243; divider_style=\u00bbsolid\u00bb divider_position=\u00bbtop\u00bb divider_weight=\u00bb1px\u00bb hide_on_mobile=\u00bbon\u00bb admin_label=\u00bbDivider\u00bb disabled=\u00bboff\u00bb] [\/et_pb_divider][et_pb_text background_layout=\u00bbdark\u00bb text_orientation=\u00bbleft\u00bb admin_label=\u00bbText\u00bb use_border_color=\u00bboff\u00bb border_style=\u00bbsolid\u00bb disabled=\u00bboff\u00bb]<\/p>\n<h1>6 fichas<br \/><\/h1>\n<p>Con 6 mapas y seis recorridos con toda la informaci\u00f3n detallada para disfrutar, todo dentro de una carpeteta personalizada.<br data-mce-bogus=\"1\"><\/p>\n<p>[\/et_pb_text][\/et_pb_column][et_pb_column type=\u00bb3_4&#8243; disabled=\u00bboff\u00bb parallax=\u00bboff\u00bb parallax_method=\u00bbon\u00bb column_padding_mobile=\u00bbon\u00bb][et_pb_image src=\u00bbhttp:\/\/bo5t.com\/wp-content\/uploads\/2016\/09\/mapa.png\u00bb show_in_lightbox=\u00bboff\u00bb url_new_window=\u00bboff\u00bb use_overlay=\u00bboff\u00bb animation=\u00bbright\u00bb sticky=\u00bboff\u00bb align=\u00bbleft\u00bb force_fullwidth=\u00bboff\u00bb always_center_on_mobile=\u00bbon\u00bb admin_label=\u00bbImage\u00bb use_border_color=\u00bboff\u00bb border_color=\u00bb#ffffff\u00bb border_width=\u00bb1px\u00bb border_style=\u00bbsolid\u00bb disabled=\u00bboff\u00bb] [\/et_pb_image][\/et_pb_column][\/et_pb_row][\/et_pb_section][et_pb_section transparent_background=\u00bboff\u00bb background_color=\u00bb#ef8700&#8243; allow_player_pause=\u00bboff\u00bb inner_shadow=\u00bboff\u00bb parallax=\u00bboff\u00bb parallax_method=\u00bbon\u00bb padding_mobile=\u00bboff\u00bb make_fullwidth=\u00bboff\u00bb use_custom_width=\u00bboff\u00bb width_unit=\u00bboff\u00bb custom_width_px=\u00bb1080px\u00bb custom_width_percent=\u00bb80%\u00bb make_equal=\u00bboff\u00bb use_custom_gutter=\u00bboff\u00bb fullwidth=\u00bboff\u00bb specialty=\u00bboff\u00bb disabled=\u00bboff\u00bb][et_pb_row make_fullwidth=\u00bboff\u00bb use_custom_width=\u00bboff\u00bb width_unit=\u00bboff\u00bb custom_width_px=\u00bb1080px\u00bb custom_width_percent=\u00bb80%\u00bb use_custom_gutter=\u00bboff\u00bb gutter_width=\u00bb3&#8243; padding_mobile=\u00bboff\u00bb allow_player_pause=\u00bboff\u00bb parallax=\u00bboff\u00bb parallax_method=\u00bbon\u00bb make_equal=\u00bboff\u00bb column_padding_mobile=\u00bbon\u00bb parallax_1=\u00bboff\u00bb parallax_method_1=\u00bbon\u00bb parallax_2=\u00bboff\u00bb parallax_method_2=\u00bbon\u00bb parallax_3=\u00bboff\u00bb parallax_method_3=\u00bbon\u00bb parallax_4=\u00bboff\u00bb parallax_method_4=\u00bbon\u00bb disabled=\u00bboff\u00bb][et_pb_column type=\u00bb1_4&#8243; disabled=\u00bboff\u00bb parallax=\u00bboff\u00bb parallax_method=\u00bbon\u00bb column_padding_mobile=\u00bbon\u00bb][et_pb_blurb title=\u00bbAmari\u00bb url_new_window=\u00bboff\u00bb use_icon=\u00bboff\u00bb font_icon=\u00bb\ue00c\u00bb icon_color=\u00bb#ffffff\u00bb use_circle=\u00bboff\u00bb circle_color=\u00bb#2caaca\u00bb use_circle_border=\u00bboff\u00bb circle_border_color=\u00bb#2caaca\u00bb image=\u00bbhttp:\/\/bo5t.com\/wp-content\/uploads\/2016\/09\/amariicono.png\u00bb icon_placement=\u00bbtop\u00bb animation=\u00bbtop\u00bb background_layout=\u00bbdark\u00bb text_orientation=\u00bbcenter\u00bb use_icon_font_size=\u00bboff\u00bb icon_font_size=\u00bb99px\u00bb admin_label=\u00bbBlurb\u00bb header_font_size=\u00bb32px\u00bb use_border_color=\u00bboff\u00bb border_color=\u00bb#ffffff\u00bb border_width=\u00bb1px\u00bb border_style=\u00bbsolid\u00bb custom_margin=\u00bb0px|0px|0px|0px\u00bb custom_padding=\u00bb0px|0px|0px|0px\u00bb custom_css_blurb_image=\u00bbimg align=%22center%22;\u00bb disabled=\u00bboff\u00bb]<\/p>\n<p>La diosa madre que representa los cuatro elementos de la naturaleza, de ella dependen la vida y la muerte, las cosechas, la suerte y la desgracia.<\/p>\n<p>[\/et_pb_blurb][\/et_pb_column][et_pb_column type=\u00bb1_4&#8243; disabled=\u00bboff\u00bb parallax=\u00bboff\u00bb parallax_method=\u00bbon\u00bb column_padding_mobile=\u00bbon\u00bb][et_pb_blurb title=\u00bbJentilak\u00bb url_new_window=\u00bboff\u00bb use_icon=\u00bboff\u00bb font_icon=\u00bb\ue00c\u00bb icon_color=\u00bb#ffffff\u00bb use_circle=\u00bboff\u00bb circle_color=\u00bb#2caaca\u00bb use_circle_border=\u00bboff\u00bb circle_border_color=\u00bb#2caaca\u00bb image=\u00bbhttp:\/\/bo5t.com\/wp-content\/uploads\/2016\/09\/jentilogo2.png\u00bb icon_placement=\u00bbtop\u00bb animation=\u00bbtop\u00bb background_layout=\u00bbdark\u00bb text_orientation=\u00bbcenter\u00bb use_icon_font_size=\u00bboff\u00bb icon_font_size=\u00bb99px\u00bb admin_label=\u00bbBlurb\u00bb header_font_size=\u00bb32px\u00bb use_border_color=\u00bboff\u00bb border_color=\u00bb#ffffff\u00bb border_width=\u00bb1px\u00bb border_style=\u00bbsolid\u00bb custom_margin=\u00bb0px|0px|0px|0px\u00bb custom_padding=\u00bb0px|0px|0px|0px\u00bb custom_css_blurb_image=\u00bbimg align=%22center%22;\u00bb disabled=\u00bboff\u00bb]<\/p>\n<p>Gigantes de fuerza descomunal cuyas historias se extienden por todo el territorio vasco.<\/p>\n<p>[\/et_pb_blurb][\/et_pb_column][et_pb_column type=\u00bb1_4&#8243; disabled=\u00bboff\u00bb parallax=\u00bboff\u00bb parallax_method=\u00bbon\u00bb column_padding_mobile=\u00bbon\u00bb][et_pb_blurb title=\u00bbLamiak\u00bb url_new_window=\u00bboff\u00bb use_icon=\u00bboff\u00bb font_icon=\u00bb\ue00c\u00bb icon_color=\u00bb#ffffff\u00bb use_circle=\u00bboff\u00bb circle_color=\u00bb#2caaca\u00bb use_circle_border=\u00bboff\u00bb circle_border_color=\u00bb#2caaca\u00bb image=\u00bbhttp:\/\/bo5t.com\/wp-content\/uploads\/2016\/09\/lamiaklogo2.png\u00bb icon_placement=\u00bbtop\u00bb animation=\u00bbtop\u00bb background_layout=\u00bbdark\u00bb text_orientation=\u00bbcenter\u00bb use_icon_font_size=\u00bboff\u00bb icon_font_size=\u00bb99px\u00bb admin_label=\u00bbBlurb\u00bb header_font_size=\u00bb32px\u00bb use_border_color=\u00bboff\u00bb border_color=\u00bb#ffffff\u00bb border_width=\u00bb1px\u00bb border_style=\u00bbsolid\u00bb custom_margin=\u00bb0px|0px|0px|0px\u00bb custom_padding=\u00bb0px|0px|0px|0px\u00bb custom_css_blurb_image=\u00bbimg align=%22center%22;\u00bb disabled=\u00bboff\u00bb]<\/p>\n<p>Su aspecto habitual es el de j\u00f3venes hermosas de cabellos rubios, habitan en la cercan\u00eda de r\u00edos y lagos.<\/p>\n<p>[\/et_pb_blurb][\/et_pb_column][et_pb_column type=\u00bb1_4&#8243; disabled=\u00bboff\u00bb parallax=\u00bboff\u00bb parallax_method=\u00bbon\u00bb column_padding_mobile=\u00bbon\u00bb][et_pb_blurb title=\u00bbSorginak\u00bb url_new_window=\u00bboff\u00bb use_icon=\u00bboff\u00bb font_icon=\u00bb\ue00c\u00bb icon_color=\u00bb#ffffff\u00bb use_circle=\u00bboff\u00bb circle_color=\u00bb#2caaca\u00bb use_circle_border=\u00bboff\u00bb circle_border_color=\u00bb#2caaca\u00bb image=\u00bbhttp:\/\/bo5t.com\/wp-content\/uploads\/2016\/09\/sorgina.png\u00bb icon_placement=\u00bbtop\u00bb animation=\u00bbtop\u00bb background_layout=\u00bbdark\u00bb text_orientation=\u00bbcenter\u00bb use_icon_font_size=\u00bboff\u00bb icon_font_size=\u00bb99px\u00bb admin_label=\u00bbBlurb\u00bb header_font_size=\u00bb32px\u00bb use_border_color=\u00bboff\u00bb border_color=\u00bb#ffffff\u00bb border_width=\u00bb1px\u00bb border_style=\u00bbsolid\u00bb custom_margin=\u00bb0px|0px|0px|0px\u00bb custom_padding=\u00bb0px|0px|0px|0px\u00bb custom_css_blurb_image=\u00bbimg align=%22center%22;\u00bb disabled=\u00bboff\u00bb]<\/p>\n<p>Con poderes sobrenaturales y ocultos, las historias de sorginas salpican toda nuestra geograf\u00eda. <\/p>\n<p>[\/et_pb_blurb][\/et_pb_column][\/et_pb_row][et_pb_row make_fullwidth=\u00bboff\u00bb use_custom_width=\u00bboff\u00bb width_unit=\u00bboff\u00bb custom_width_px=\u00bb1080px\u00bb custom_width_percent=\u00bb80%\u00bb use_custom_gutter=\u00bboff\u00bb gutter_width=\u00bb3&#8243; padding_mobile=\u00bboff\u00bb allow_player_pause=\u00bboff\u00bb parallax=\u00bboff\u00bb parallax_method=\u00bbon\u00bb make_equal=\u00bboff\u00bb column_padding_mobile=\u00bbon\u00bb parallax_1=\u00bboff\u00bb parallax_method_1=\u00bbon\u00bb parallax_2=\u00bboff\u00bb parallax_method_2=\u00bbon\u00bb parallax_3=\u00bboff\u00bb parallax_method_3=\u00bbon\u00bb parallax_4=\u00bboff\u00bb parallax_method_4=\u00bbon\u00bb disabled=\u00bboff\u00bb][et_pb_column type=\u00bb1_4&#8243; disabled=\u00bboff\u00bb parallax=\u00bboff\u00bb parallax_method=\u00bbon\u00bb column_padding_mobile=\u00bbon\u00bb][et_pb_blurb title=\u00bbHerensugeak\u00bb url_new_window=\u00bboff\u00bb use_icon=\u00bboff\u00bb font_icon=\u00bb\ue00c\u00bb icon_color=\u00bb#ffffff\u00bb use_circle=\u00bboff\u00bb circle_color=\u00bb#2caaca\u00bb use_circle_border=\u00bboff\u00bb circle_border_color=\u00bb#2caaca\u00bb image=\u00bbhttp:\/\/bo5t.com\/wp-content\/uploads\/2016\/09\/logoheren.png\u00bb icon_placement=\u00bbtop\u00bb animation=\u00bbtop\u00bb background_layout=\u00bbdark\u00bb text_orientation=\u00bbcenter\u00bb use_icon_font_size=\u00bboff\u00bb icon_font_size=\u00bb99px\u00bb admin_label=\u00bbBlurb\u00bb header_font_size=\u00bb32px\u00bb use_border_color=\u00bboff\u00bb border_color=\u00bb#ffffff\u00bb border_width=\u00bb1px\u00bb border_style=\u00bbsolid\u00bb custom_margin=\u00bb0px|0px|0px|0px\u00bb custom_padding=\u00bb0px|0px|0px|0px\u00bb custom_css_blurb_image=\u00bbimg align=%22center%22;\u00bb disabled=\u00bboff\u00bb]<\/p>\n<p>Historias terribles de grandes dragones y culebras que viven en simas y cuevas<\/p>\n<p>[\/et_pb_blurb][\/et_pb_column][et_pb_column type=\u00bb1_4&#8243; disabled=\u00bboff\u00bb parallax=\u00bboff\u00bb parallax_method=\u00bbon\u00bb column_padding_mobile=\u00bbon\u00bb][et_pb_blurb title=\u00bbGaltzagorriak\u00bb url_new_window=\u00bboff\u00bb use_icon=\u00bboff\u00bb font_icon=\u00bb\ue00c\u00bb icon_color=\u00bb#ffffff\u00bb use_circle=\u00bboff\u00bb circle_color=\u00bb#2caaca\u00bb use_circle_border=\u00bboff\u00bb circle_border_color=\u00bb#2caaca\u00bb image=\u00bbhttp:\/\/bo5t.com\/wp-content\/uploads\/2016\/09\/galtxalogo.png\u00bb icon_placement=\u00bbtop\u00bb animation=\u00bbtop\u00bb background_layout=\u00bbdark\u00bb text_orientation=\u00bbcenter\u00bb use_icon_font_size=\u00bboff\u00bb icon_font_size=\u00bb99px\u00bb admin_label=\u00bbBlurb\u00bb header_font_size=\u00bb32px\u00bb use_border_color=\u00bboff\u00bb border_color=\u00bb#ffffff\u00bb border_width=\u00bb1px\u00bb border_style=\u00bbsolid\u00bb custom_margin=\u00bb0px|0px|0px|0px\u00bb custom_padding=\u00bb0px|0px|0px|0px\u00bb custom_css_blurb_image=\u00bbimg align=%22center%22;\u00bb disabled=\u00bboff\u00bb]<\/p>\n<p>Peque\u00f1os genios que viven en los hogares vascos haciendo travesuras, escondiendo cosas.<\/p>\n<p>[\/et_pb_blurb][\/et_pb_column][et_pb_column type=\u00bb1_2&#8243; disabled=\u00bboff\u00bb parallax=\u00bboff\u00bb parallax_method=\u00bbon\u00bb column_padding_mobile=\u00bbon\u00bb][\/et_pb_column][\/et_pb_row][\/et_pb_section]<\/p>\n","protected":false},"excerpt":{"rendered":"<p>baga, biga, higa&#8230; Un viaje mitol\u00f3gico De la mano de Toti Martinez de Lezea, una de las escritoras vascas m\u00e1s prol\u00edficas y lauredas, y del prestigioso ilustrador, Juan Luis landa dise\u00f1amos junto con BASQUETOUR esta gu\u00eda sobre mitolog\u00eda vasca. Con ella se puede viajar por nuestra geograf\u00eda desvelando los secretos de de loas seres m\u00e1gicos [&hellip;]<\/p>\n","protected":false},"author":1,"featured_media":0,"parent":0,"menu_order":0,"comment_status":"closed","ping_status":"closed","template":"","meta":{"_et_pb_use_builder":"on","_et_pb_old_content":"","_et_gb_content_width":"","footnotes":""},"class_list":["post-24627","page","type-page","status-publish","hentry"],"_links":{"self":[{"href":"https:\/\/bo5t.com\/es\/wp-json\/wp\/v2\/pages\/24627","targetHints":{"allow":["GET"]}}],"collection":[{"href":"https:\/\/bo5t.com\/es\/wp-json\/wp\/v2\/pages"}],"about":[{"href":"https:\/\/bo5t.com\/es\/wp-json\/wp\/v2\/types\/page"}],"author":[{"embeddable":true,"href":"https:\/\/bo5t.com\/es\/wp-json\/wp\/v2\/users\/1"}],"replies":[{"embeddable":true,"href":"https:\/\/bo5t.com\/es\/wp-json\/wp\/v2\/comments?post=24627"}],"version-history":[{"count":20,"href":"https:\/\/bo5t.com\/es\/wp-json\/wp\/v2\/pages\/24627\/revisions"}],"predecessor-version":[{"id":24685,"href":"https:\/\/bo5t.com\/es\/wp-json\/wp\/v2\/pages\/24627\/revisions\/24685"}],"wp:attachment":[{"href":"https:\/\/bo5t.com\/es\/wp-json\/wp\/v2\/media?parent=24627"}],"curies":[{"name":"wp","href":"https:\/\/api.w.org\/{rel}","templated":true}]}}