{"id":396,"date":"2014-01-28T15:36:41","date_gmt":"2014-01-28T15:36:41","guid":{"rendered":"http:\/\/bo5t.com\/wp\/?page_id=396"},"modified":"2023-10-27T11:11:29","modified_gmt":"2023-10-27T10:11:29","slug":"bost-talde-grafikoa","status":"publish","type":"page","link":"https:\/\/bo5t.com\/es\/","title":{"rendered":"INICIO"},"content":{"rendered":"<p>[et_pb_section fb_built=\u00bb1&#8243; fullwidth=\u00bbon\u00bb custom_padding_last_edited=\u00bbon|desktop\u00bb admin_label=\u00bbsection\u00bb _builder_version=\u00bb3.22&#8243; background_color=\u00bb#ffffff\u00bb background_image=\u00bbhttp:\/\/bo5t.com\/wp\/wp-content\/uploads\/2014\/01\/fondo-web.png\u00bb custom_padding_tablet=\u00bb50px|0|50px|0&#8243; custom_padding_phone=\u00bb\u00bb padding_mobile=\u00bboff\u00bb global_colors_info=\u00bb{}\u00bb][et_pb_fullwidth_slider admin_label=\u00bbFullwidth Slider\u00bb _builder_version=\u00bb3.16&#8243; header_font_size=\u00bb60px\u00bb body_font_size=\u00bb21px\u00bb parallax=\u00bbon\u00bb parallax_method=\u00bbon\u00bb custom_button=\u00bbon\u00bb custom_padding=\u00bb|||\u00bb custom_padding_tablet=\u00bb|||\u00bb custom_padding_phone=\u00bb|||\u00bb auto=\u00bbon\u00bb auto_speed=\u00bb4000&#8243; auto_ignore_hover=\u00bbon\u00bb header_font_size_tablet=\u00bb46px\u00bb header_font_size_phone=\u00bb40px\u00bb body_font_size_tablet=\u00bb18px\u00bb body_font_size_phone=\u00bb16px\u00bb box_shadow_style=\u00bbpreset6&#8243; box_shadow_blur=\u00bb10px\u00bb box_shadow_color=\u00bbrgba(0,0,0,0.1)\u00bb global_colors_info=\u00bb{}\u00bb button_text_size__hover_enabled=\u00bboff\u00bb button_one_text_size__hover_enabled=\u00bboff\u00bb button_two_text_size__hover_enabled=\u00bboff\u00bb button_text_color__hover_enabled=\u00bboff\u00bb button_one_text_color__hover_enabled=\u00bboff\u00bb button_two_text_color__hover_enabled=\u00bboff\u00bb button_border_width__hover_enabled=\u00bboff\u00bb button_one_border_width__hover_enabled=\u00bboff\u00bb button_two_border_width__hover_enabled=\u00bboff\u00bb button_border_color__hover_enabled=\u00bboff\u00bb button_one_border_color__hover_enabled=\u00bboff\u00bb button_two_border_color__hover_enabled=\u00bboff\u00bb button_border_radius__hover_enabled=\u00bboff\u00bb button_one_border_radius__hover_enabled=\u00bboff\u00bb button_two_border_radius__hover_enabled=\u00bboff\u00bb button_letter_spacing__hover_enabled=\u00bboff\u00bb button_one_letter_spacing__hover_enabled=\u00bboff\u00bb button_two_letter_spacing__hover_enabled=\u00bboff\u00bb button_bg_color__hover_enabled=\u00bboff\u00bb button_one_bg_color__hover_enabled=\u00bboff\u00bb button_two_bg_color__hover_enabled=\u00bboff\u00bb][et_pb_slide heading=\u00bbIzena badu bada\u00bb button_text=\u00bbVer\u00bb button_link=\u00bb\/es\/izena-badu-bada\/\u00bb image=\u00bbhttp:\/\/bo5t.com\/wp-content\/uploads\/2016\/09\/logoa.png\u00bb use_text_overlay=\u00bbon\u00bb text_border_radius=\u00bb0px\u00bb _builder_version=\u00bb3.16&#8243; header_font_size=\u00bb60px\u00bb body_font=\u00bb||||\u00bb body_font_size=\u00bb21px\u00bb background_color=\u00bb#ffffff\u00bb background_image=\u00bbhttp:\/\/bo5t.com\/wp-content\/uploads\/2016\/09\/basoa.png\u00bb custom_button=\u00bbon\u00bb button_bg_color=\u00bbrgba(0,0,0,0.65)\u00bb header_font_size_tablet=\u00bb36px\u00bb custom_css_slide_description=\u00bbtext-shadow: 2px 2px 2px #000;\u00bb global_colors_info=\u00bb{}\u00bb button_text_size__hover_enabled=\u00bboff\u00bb button_one_text_size__hover_enabled=\u00bboff\u00bb button_two_text_size__hover_enabled=\u00bboff\u00bb button_text_color__hover_enabled=\u00bboff\u00bb button_one_text_color__hover_enabled=\u00bboff\u00bb button_two_text_color__hover_enabled=\u00bboff\u00bb button_border_width__hover_enabled=\u00bboff\u00bb button_one_border_width__hover_enabled=\u00bboff\u00bb button_two_border_width__hover_enabled=\u00bboff\u00bb button_border_color__hover_enabled=\u00bboff\u00bb button_one_border_color__hover_enabled=\u00bboff\u00bb button_two_border_color__hover_enabled=\u00bboff\u00bb button_border_radius__hover_enabled=\u00bboff\u00bb button_one_border_radius__hover_enabled=\u00bboff\u00bb button_two_border_radius__hover_enabled=\u00bboff\u00bb button_letter_spacing__hover_enabled=\u00bboff\u00bb button_one_letter_spacing__hover_enabled=\u00bboff\u00bb button_two_letter_spacing__hover_enabled=\u00bboff\u00bb button_bg_color__hover_enabled=\u00bboff\u00bb button_one_bg_color__hover_enabled=\u00bboff\u00bb button_two_bg_color__hover_enabled=\u00bboff\u00bb sticky_transition=\u00bbon\u00bb]Lugares con magia, historias mitol\u00f3gicas, una propuesta tur\u00edstica de BASQUETOUR<br \/>\n[\/et_pb_slide][et_pb_slide heading=\u00bbPublicidad\u00bb use_text_overlay=\u00bbon\u00bb alignment=\u00bbbottom\u00bb _builder_version=\u00bb3.16&#8243; header_font_size=\u00bb60px\u00bb body_font_size=\u00bb21px\u00bb background_color=\u00bb#ffffff\u00bb background_image=\u00bbhttp:\/\/bo5t.com\/wp\/wp-content\/uploads\/2014\/01\/publi.jpg\u00bb custom_button=\u00bbon\u00bb button_bg_color=\u00bbrgba(0,0,0,0.45)\u00bb header_font_size_phone=\u00bb45px\u00bb global_colors_info=\u00bb{}\u00bb button_text_size__hover_enabled=\u00bboff\u00bb button_one_text_size__hover_enabled=\u00bboff\u00bb button_two_text_size__hover_enabled=\u00bboff\u00bb button_text_color__hover_enabled=\u00bboff\u00bb button_one_text_color__hover_enabled=\u00bboff\u00bb button_two_text_color__hover_enabled=\u00bboff\u00bb button_border_width__hover_enabled=\u00bboff\u00bb button_one_border_width__hover_enabled=\u00bboff\u00bb button_two_border_width__hover_enabled=\u00bboff\u00bb button_border_color__hover_enabled=\u00bboff\u00bb button_one_border_color__hover_enabled=\u00bboff\u00bb button_two_border_color__hover_enabled=\u00bboff\u00bb button_border_radius__hover_enabled=\u00bboff\u00bb button_one_border_radius__hover_enabled=\u00bboff\u00bb button_two_border_radius__hover_enabled=\u00bboff\u00bb button_letter_spacing__hover_enabled=\u00bboff\u00bb button_one_letter_spacing__hover_enabled=\u00bboff\u00bb button_two_letter_spacing__hover_enabled=\u00bboff\u00bb button_bg_color__hover_enabled=\u00bboff\u00bb button_one_bg_color__hover_enabled=\u00bboff\u00bb button_two_bg_color__hover_enabled=\u00bboff\u00bb sticky_transition=\u00bbon\u00bb]Los canales y los medios est\u00e1n cambiando,&#8230; los mensajes, igual no tanto.<br \/>\n[\/et_pb_slide][et_pb_slide heading=\u00bbDise\u00f1o Web\u00bb alignment=\u00bbbottom\u00bb _builder_version=\u00bb3.16&#8243; header_font_size=\u00bb62px\u00bb body_font_size=\u00bb23px\u00bb background_color=\u00bb#ffffff\u00bb background_image=\u00bbhttp:\/\/bo5t.com\/wp\/wp-content\/uploads\/2014\/01\/web12.jpg\u00bb global_colors_info=\u00bb{}\u00bb button_text_size__hover_enabled=\u00bboff\u00bb button_one_text_size__hover_enabled=\u00bboff\u00bb button_two_text_size__hover_enabled=\u00bboff\u00bb button_text_color__hover_enabled=\u00bboff\u00bb button_one_text_color__hover_enabled=\u00bboff\u00bb button_two_text_color__hover_enabled=\u00bboff\u00bb button_border_width__hover_enabled=\u00bboff\u00bb button_one_border_width__hover_enabled=\u00bboff\u00bb button_two_border_width__hover_enabled=\u00bboff\u00bb button_border_color__hover_enabled=\u00bboff\u00bb button_one_border_color__hover_enabled=\u00bboff\u00bb button_two_border_color__hover_enabled=\u00bboff\u00bb button_border_radius__hover_enabled=\u00bboff\u00bb button_one_border_radius__hover_enabled=\u00bboff\u00bb button_two_border_radius__hover_enabled=\u00bboff\u00bb button_letter_spacing__hover_enabled=\u00bboff\u00bb button_one_letter_spacing__hover_enabled=\u00bboff\u00bb button_two_letter_spacing__hover_enabled=\u00bboff\u00bb button_bg_color__hover_enabled=\u00bboff\u00bb button_one_bg_color__hover_enabled=\u00bboff\u00bb button_two_bg_color__hover_enabled=\u00bboff\u00bb sticky_transition=\u00bbon\u00bb]Un medio en continuo desarrollo<br \/>\n[\/et_pb_slide][et_pb_slide heading=\u00bbComunicaci\u00f3n\u00bb use_bg_overlay=\u00bboff\u00bb use_text_overlay=\u00bbon\u00bb text_overlay_color=\u00bbrgba(0,0,0,0.18)\u00bb text_border_radius=\u00bb0px\u00bb _builder_version=\u00bb3.16&#8243; header_font=\u00bb||||\u00bb body_font=\u00bb||||\u00bb background_color=\u00bb#ffffff\u00bb background_image=\u00bbhttp:\/\/bo5t.com\/wp\/wp-content\/uploads\/2014\/01\/Captura-de-pantalla-2014-01-29-a-las-10.26.49.png\u00bb button_icon_placement=\u00bbright\u00bb button_on_hover=\u00bbon\u00bb header_font_size_tablet=\u00bb61px\u00bb header_font_size_phone=\u00bb43px\u00bb body_font_size_tablet=\u00bb21px\u00bb body_font_size_phone=\u00bb21px\u00bb global_colors_info=\u00bb{}\u00bb button_text_size__hover_enabled=\u00bboff\u00bb button_one_text_size__hover_enabled=\u00bboff\u00bb button_two_text_size__hover_enabled=\u00bboff\u00bb button_text_color__hover_enabled=\u00bboff\u00bb button_one_text_color__hover_enabled=\u00bboff\u00bb button_two_text_color__hover_enabled=\u00bboff\u00bb button_border_width__hover_enabled=\u00bboff\u00bb button_one_border_width__hover_enabled=\u00bboff\u00bb button_two_border_width__hover_enabled=\u00bboff\u00bb button_border_color__hover_enabled=\u00bboff\u00bb button_one_border_color__hover_enabled=\u00bboff\u00bb button_two_border_color__hover_enabled=\u00bboff\u00bb button_border_radius__hover_enabled=\u00bboff\u00bb button_one_border_radius__hover_enabled=\u00bboff\u00bb button_two_border_radius__hover_enabled=\u00bboff\u00bb button_letter_spacing__hover_enabled=\u00bboff\u00bb button_one_letter_spacing__hover_enabled=\u00bboff\u00bb button_two_letter_spacing__hover_enabled=\u00bboff\u00bb button_bg_color__hover_enabled=\u00bboff\u00bb button_one_bg_color__hover_enabled=\u00bboff\u00bb button_two_bg_color__hover_enabled=\u00bboff\u00bb sticky_transition=\u00bbon\u00bb]16 a\u00f1os, ayudando a contar proyectos&#8230; y cada vez nos gusta m\u00e1s nuestro trabajo.<br \/>\n[\/et_pb_slide][et_pb_slide heading=\u00bbIdentidad Corporativa\u00bb use_text_overlay=\u00bbon\u00bb text_overlay_color=\u00bbrgba(0,0,0,0.17)\u00bb _builder_version=\u00bb3.16&#8243; header_font_size=\u00bb60px\u00bb header_line_height=\u00bb1.3em\u00bb body_font_size=\u00bb21px\u00bb background_color=\u00bb#ffffff\u00bb background_image=\u00bbhttp:\/\/bo5t.com\/wp\/wp-content\/uploads\/2014\/01\/caarpetaarflu1.jpg\u00bb custom_button=\u00bbon\u00bb global_colors_info=\u00bb{}\u00bb button_text_size__hover_enabled=\u00bboff\u00bb button_one_text_size__hover_enabled=\u00bboff\u00bb button_two_text_size__hover_enabled=\u00bboff\u00bb button_text_color__hover_enabled=\u00bboff\u00bb button_one_text_color__hover_enabled=\u00bboff\u00bb button_two_text_color__hover_enabled=\u00bboff\u00bb button_border_width__hover_enabled=\u00bboff\u00bb button_one_border_width__hover_enabled=\u00bboff\u00bb button_two_border_width__hover_enabled=\u00bboff\u00bb button_border_color__hover_enabled=\u00bboff\u00bb button_one_border_color__hover_enabled=\u00bboff\u00bb button_two_border_color__hover_enabled=\u00bboff\u00bb button_border_radius__hover_enabled=\u00bboff\u00bb button_one_border_radius__hover_enabled=\u00bboff\u00bb button_two_border_radius__hover_enabled=\u00bboff\u00bb button_letter_spacing__hover_enabled=\u00bboff\u00bb button_one_letter_spacing__hover_enabled=\u00bboff\u00bb button_two_letter_spacing__hover_enabled=\u00bboff\u00bb button_bg_color__hover_enabled=\u00bboff\u00bb button_one_bg_color__hover_enabled=\u00bboff\u00bb button_two_bg_color__hover_enabled=\u00bboff\u00bb sticky_transition=\u00bbon\u00bb]Entendida como un proyecto global.<br \/>\n[\/et_pb_slide][\/et_pb_fullwidth_slider][\/et_pb_section][et_pb_section fb_built=\u00bb1&#8243; fullwidth=\u00bbon\u00bb custom_padding_last_edited=\u00bbon|desktop\u00bb admin_label=\u00bbsection\u00bb _builder_version=\u00bb3.22&#8243; custom_padding_tablet=\u00bb50px|0|50px|0&#8243; custom_padding_phone=\u00bb\u00bb padding_mobile=\u00bboff\u00bb global_colors_info=\u00bb{}\u00bb][et_pb_fullwidth_portfolio show_date=\u00bboff\u00bb admin_label=\u00bbPortafolios de anchura completa\u00bb _builder_version=\u00bb4.14.5&#8243; background_size=\u00bbinitial\u00bb background_position=\u00bbtop_left\u00bb background_repeat=\u00bbrepeat\u00bb auto=\u00bbon\u00bb global_colors_info=\u00bb{}\u00bb] [\/et_pb_fullwidth_portfolio][\/et_pb_section]<\/p>\n","protected":false},"excerpt":{"rendered":"<p>Lugares con magia, historias mitol\u00f3gicas, una propuesta tur\u00edstica de BASQUETOUR Los canales y los medios est\u00e1n cambiando,&#8230; los mensajes, igual no tanto. Un medio en continuo desarrollo 16 a\u00f1os, ayudando a contar proyectos&#8230; y cada vez nos gusta m\u00e1s nuestro trabajo. Entendida como un proyecto global.<\/p>\n","protected":false},"author":1,"featured_media":0,"parent":0,"menu_order":0,"comment_status":"closed","ping_status":"closed","template":"","meta":{"_et_pb_use_builder":"on","_et_pb_old_content":"","_et_gb_content_width":"","footnotes":""},"class_list":["post-396","page","type-page","status-publish","hentry"],"_links":{"self":[{"href":"https:\/\/bo5t.com\/es\/wp-json\/wp\/v2\/pages\/396","targetHints":{"allow":["GET"]}}],"collection":[{"href":"https:\/\/bo5t.com\/es\/wp-json\/wp\/v2\/pages"}],"about":[{"href":"https:\/\/bo5t.com\/es\/wp-json\/wp\/v2\/types\/page"}],"author":[{"embeddable":true,"href":"https:\/\/bo5t.com\/es\/wp-json\/wp\/v2\/users\/1"}],"replies":[{"embeddable":true,"href":"https:\/\/bo5t.com\/es\/wp-json\/wp\/v2\/comments?post=396"}],"version-history":[{"count":70,"href":"https:\/\/bo5t.com\/es\/wp-json\/wp\/v2\/pages\/396\/revisions"}],"predecessor-version":[{"id":25430,"href":"https:\/\/bo5t.com\/es\/wp-json\/wp\/v2\/pages\/396\/revisions\/25430"}],"wp:attachment":[{"href":"https:\/\/bo5t.com\/es\/wp-json\/wp\/v2\/media?parent=396"}],"curies":[{"name":"wp","href":"https:\/\/api.w.org\/{rel}","templated":true}]}}